{"id":3495,"date":"2017-03-26T14:17:34","date_gmt":"2017-03-26T14:17:34","guid":{"rendered":"http:\/\/www.falconelectricsupply.com\/?page_id=3495"},"modified":"2025-08-14T08:58:07","modified_gmt":"2025-08-14T13:58:07","slug":"productos","status":"publish","type":"page","link":"https:\/\/falconelectricsupply.com\/?page_id=3495","title":{"rendered":"Productos"},"content":{"rendered":"<p>[vc_row css=&#8221;.vc_custom_1512487183916{margin-bottom: 30px !important;}&#8221;][vc_column][vc_tta_tour shape=&#8221;square&#8221; color=&#8221;white&#8221; spacing=&#8221;5&#8243; controls_size=&#8221;md&#8221; active_section=&#8221;1&#8243; no_fill_content_area=&#8221;true&#8221;][vc_tta_section title=&#8221;Distribuci\u00f3n El\u00e9ctrica y Control de Motores&#8221; tab_id=&#8221;distribuci\u00f3n_electrica&#8221;][vc_single_image image=&#8221;3511&#8243; img_size=&#8221;large&#8221;][vc_column_text]<\/p>\n<p>I am text block. Click edit button to change this text. Lorem ipsum dolor sit amet, consectetur adipiscing elit. Ut elit tellus, luctus nec ullamcorper mattis, pulvinar dapibus leo.<\/p>\n<p>[\/vc_column_text][\/vc_tta_section][vc_tta_section title=&#8221;Grupo Electr\u00f3geno&#8221; tab_id=&#8221;grupo_electrogeno&#8221;][vc_single_image image=&#8221;3514&#8243; img_size=&#8221;large&#8221;][vc_column_text]<\/p>\n<p>I am text block. Click edit button to change this text. Lorem ipsum dolor sit amet, consectetur adipiscing elit. Ut elit tellus, luctus nec ullamcorper mattis, pulvinar dapibus leo.<\/p>\n<p>[\/vc_column_text][\/vc_tta_section][vc_tta_section title=&#8221;Sistemas de Seguridad Industrial&#8221; tab_id=&#8221;seguridad_industrial&#8221;][vc_single_image image=&#8221;3517&#8243; img_size=&#8221;large&#8221; onclick=&#8221;link_image&#8221;][vc_column_text]<\/p>\n<p>I am text block. Click edit button to change this text. Lorem ipsum dolor sit amet, consectetur adipiscing elit. Ut elit tellus, luctus nec ullamcorper mattis, pulvinar dapibus leo.<\/p>\n<p>[\/vc_column_text][\/vc_tta_section][vc_tta_section title=&#8221;Automatizaci\u00f3n y Control&#8221; tab_id=&#8221;automatizacion_control&#8221;][vc_single_image image=&#8221;3519&#8243; img_size=&#8221;large&#8221; onclick=&#8221;link_image&#8221;][vc_column_text]<span style=\"color: #94071A;font-size: 24px\">Automatizaci\u00f3n y Control<\/span><br \/>\n\u2022 Sistemas de Control Industrial<br \/>\n\u2022 Visualizaci\u00f3n e interfaces humano-m\u00e1quina (HMI)<br \/>\n\u2022 Dispositivos de control de motores<br \/>\n\u2022 Automatizaci\u00f3n de procesos y equipos[\/vc_column_text][\/vc_tta_section][vc_tta_section title=&#8221;Material de Construcci\u00f3n El\u00e9ctrica Normalizado&#8221; tab_id=&#8221;construccion_electrica&#8221;][vc_single_image image=&#8221;3520&#8243; img_size=&#8221;large&#8221; onclick=&#8221;link_image&#8221;][vc_column_text]<\/p>\n<p>I am text block. Click edit button to change this text. Lorem ipsum dolor sit amet, consectetur adipiscing elit. Ut elit tellus, luctus nec ullamcorper mattis, pulvinar dapibus leo.<\/p>\n<p>[\/vc_column_text][\/vc_tta_section][vc_tta_section title=&#8221;Iluminaci\u00f3n LED&#8221; tab_id=&#8221;iluminacionled&#8221;][vc_gallery type=&#8221;image_grid&#8221; images=&#8221;3762,3761&#8243; img_size=&#8221;medium&#8221;][vc_column_text]<\/p>\n<p>I am text block. Click edit button to change this text. Lorem ipsum dolor sit amet, consectetur adipiscing elit. Ut elit tellus, luctus nec ullamcorper mattis, pulvinar dapibus leo.<\/p>\n<p>[\/vc_column_text][\/vc_tta_section][vc_tta_section title=&#8221;L\u00e1mparas LED Solares&#8221; tab_id=&#8221;1561575135147-dea55f3b-eafc&#8221;][vc_gallery type=&#8221;image_grid&#8221; img_size=&#8221;medium&#8221;][vc_column_text]<\/p>\n<p>I am text block. Click edit button to change this text. Lorem ipsum dolor sit amet, consectetur adipiscing elit. Ut elit tellus, luctus nec ullamcorper mattis, pulvinar dapibus leo.<\/p>\n<p>[\/vc_column_text][\/vc_tta_section][\/vc_tta_tour][\/vc_column][\/vc_row]<\/p>\n","protected":false},"excerpt":{"rendered":"<p>[vc_row css=&#8221;.vc_custom_1512487183916{margin-bottom: 30px !important;}&#8221;][vc_column][vc_tta_tour shape=&#8221;square&#8221; color=&#8221;white&#8221; spacing=&#8221;5&#8243; controls_size=&#8221;md&#8221; active_section=&#8221;1&#8243; no_fill_content_area=&#8221;true&#8221;][vc_tta_section title=&#8221;Distribuci\u00f3n El\u00e9ctrica y Control de Motores&#8221; tab_id=&#8221;distribuci\u00f3n_electrica&#8221;][vc_single_image image=&#8221;3511&#8243; img_size=&#8221;large&#8221;][vc_column_text] I am text block. Click edit button to change this text. Lorem ipsum dolor sit amet, consectetur adipiscing elit. Ut elit tellus, luctus nec ullamcorper mattis, pulvinar dapibus leo. [\/vc_column_text][\/vc_tta_section][vc_tta_section title=&#8221;Grupo Electr\u00f3geno&#8221; tab_id=&#8221;grupo_electrogeno&#8221;][vc_single_image image=&#8221;3514&#8243; img_size=&#8221;large&#8221;][vc_column_text] I [&hellip;]<\/p>\n","protected":false},"author":1,"featured_media":0,"parent":0,"menu_order":0,"comment_status":"closed","ping_status":"closed","template":"page-templates\/page-no-sidebar.php","meta":{"footnotes":""},"class_list":["post-3495","page","type-page","status-publish","hentry"],"yoast_head":"<!-- This site is optimized with the Yoast SEO plugin v19.13 - https:\/\/yoast.com\/wordpress\/plugins\/seo\/ -->\n<title>Productos - Falcon Electric Supply - Proveedores Equipos Industriales El\u00e9ctricos<\/title>\n<meta name=\"description\" content=\"Motores, Distribuci\u00f3n El\u00e9ctrica y Control de Motores, Sistema de Gabinetes, Grupo Electr\u00f3geno, Transformadores de Potencia, Instrumentaci\u00f3n Industrial, etc.\" \/>\n<meta name=\"robots\" content=\"index, follow, max-snippet:-1, max-image-preview:large, max-video-preview:-1\" \/>\n<link rel=\"canonical\" href=\"https:\/\/falconelectricsupply.com\/?page_id=3495\" \/>\n<meta property=\"og:locale\" content=\"es_ES\" \/>\n<meta property=\"og:type\" content=\"article\" \/>\n<meta property=\"og:title\" content=\"Productos - Falcon Electric Supply - Proveedores Equipos Industriales El\u00e9ctricos\" \/>\n<meta property=\"og:description\" content=\"Motores, Distribuci\u00f3n El\u00e9ctrica y Control de Motores, Sistema de Gabinetes, Grupo Electr\u00f3geno, Transformadores de Potencia, Instrumentaci\u00f3n Industrial, etc.\" \/>\n<meta property=\"og:url\" content=\"https:\/\/falconelectricsupply.com\/?page_id=3495\" \/>\n<meta property=\"og:site_name\" content=\"Falcon Electric Supply\" \/>\n<meta property=\"article:modified_time\" content=\"2025-08-14T13:58:07+00:00\" \/>\n<meta name=\"twitter:card\" content=\"summary_large_image\" \/>\n<meta name=\"twitter:label1\" content=\"Tiempo de lectura\" \/>\n\t<meta name=\"twitter:data1\" content=\"2 minutos\" \/>\n<script type=\"application\/ld+json\" class=\"yoast-schema-graph\">{\"@context\":\"https:\/\/schema.org\",\"@graph\":[{\"@type\":\"WebPage\",\"@id\":\"https:\/\/falconelectricsupply.com\/?page_id=3495\",\"url\":\"https:\/\/falconelectricsupply.com\/?page_id=3495\",\"name\":\"Productos - Falcon Electric Supply - Proveedores Equipos Industriales El\u00e9ctricos\",\"isPartOf\":{\"@id\":\"https:\/\/falconelectricsupply.com\/#website\"},\"datePublished\":\"2017-03-26T14:17:34+00:00\",\"dateModified\":\"2025-08-14T13:58:07+00:00\",\"description\":\"Motores, Distribuci\u00f3n El\u00e9ctrica y Control de Motores, Sistema de Gabinetes, Grupo Electr\u00f3geno, Transformadores de Potencia, Instrumentaci\u00f3n Industrial, etc.\",\"breadcrumb\":{\"@id\":\"https:\/\/falconelectricsupply.com\/?page_id=3495#breadcrumb\"},\"inLanguage\":\"es\",\"potentialAction\":[{\"@type\":\"ReadAction\",\"target\":[\"https:\/\/falconelectricsupply.com\/?page_id=3495\"]}]},{\"@type\":\"BreadcrumbList\",\"@id\":\"https:\/\/falconelectricsupply.com\/?page_id=3495#breadcrumb\",\"itemListElement\":[{\"@type\":\"ListItem\",\"position\":1,\"name\":\"Portada\",\"item\":\"https:\/\/falconelectricsupply.com\/\"},{\"@type\":\"ListItem\",\"position\":2,\"name\":\"Productos\"}]},{\"@type\":\"WebSite\",\"@id\":\"https:\/\/falconelectricsupply.com\/#website\",\"url\":\"https:\/\/falconelectricsupply.com\/\",\"name\":\"Falcon Electric Supply\",\"description\":\"Creando Soluciones Eficientes\",\"potentialAction\":[{\"@type\":\"SearchAction\",\"target\":{\"@type\":\"EntryPoint\",\"urlTemplate\":\"https:\/\/falconelectricsupply.com\/?s={search_term_string}\"},\"query-input\":\"required name=search_term_string\"}],\"inLanguage\":\"es\"}]}<\/script>\n<!-- \/ Yoast SEO plugin. -->","yoast_head_json":{"title":"Productos - Falcon Electric Supply - Proveedores Equipos Industriales El\u00e9ctricos","description":"Motores, Distribuci\u00f3n El\u00e9ctrica y Control de Motores, Sistema de Gabinetes, Grupo Electr\u00f3geno, Transformadores de Potencia, Instrumentaci\u00f3n Industrial, etc.","robots":{"index":"index","follow":"follow","max-snippet":"max-snippet:-1","max-image-preview":"max-image-preview:large","max-video-preview":"max-video-preview:-1"},"canonical":"https:\/\/falconelectricsupply.com\/?page_id=3495","og_locale":"es_ES","og_type":"article","og_title":"Productos - Falcon Electric Supply - Proveedores Equipos Industriales El\u00e9ctricos","og_description":"Motores, Distribuci\u00f3n El\u00e9ctrica y Control de Motores, Sistema de Gabinetes, Grupo Electr\u00f3geno, Transformadores de Potencia, Instrumentaci\u00f3n Industrial, etc.","og_url":"https:\/\/falconelectricsupply.com\/?page_id=3495","og_site_name":"Falcon Electric Supply","article_modified_time":"2025-08-14T13:58:07+00:00","twitter_card":"summary_large_image","twitter_misc":{"Tiempo de lectura":"2 minutos"},"schema":{"@context":"https:\/\/schema.org","@graph":[{"@type":"WebPage","@id":"https:\/\/falconelectricsupply.com\/?page_id=3495","url":"https:\/\/falconelectricsupply.com\/?page_id=3495","name":"Productos - Falcon Electric Supply - Proveedores Equipos Industriales El\u00e9ctricos","isPartOf":{"@id":"https:\/\/falconelectricsupply.com\/#website"},"datePublished":"2017-03-26T14:17:34+00:00","dateModified":"2025-08-14T13:58:07+00:00","description":"Motores, Distribuci\u00f3n El\u00e9ctrica y Control de Motores, Sistema de Gabinetes, Grupo Electr\u00f3geno, Transformadores de Potencia, Instrumentaci\u00f3n Industrial, etc.","breadcrumb":{"@id":"https:\/\/falconelectricsupply.com\/?page_id=3495#breadcrumb"},"inLanguage":"es","potentialAction":[{"@type":"ReadAction","target":["https:\/\/falconelectricsupply.com\/?page_id=3495"]}]},{"@type":"BreadcrumbList","@id":"https:\/\/falconelectricsupply.com\/?page_id=3495#breadcrumb","itemListElement":[{"@type":"ListItem","position":1,"name":"Portada","item":"https:\/\/falconelectricsupply.com\/"},{"@type":"ListItem","position":2,"name":"Productos"}]},{"@type":"WebSite","@id":"https:\/\/falconelectricsupply.com\/#website","url":"https:\/\/falconelectricsupply.com\/","name":"Falcon Electric Supply","description":"Creando Soluciones Eficientes","potentialAction":[{"@type":"SearchAction","target":{"@type":"EntryPoint","urlTemplate":"https:\/\/falconelectricsupply.com\/?s={search_term_string}"},"query-input":"required name=search_term_string"}],"inLanguage":"es"}]}},"_links":{"self":[{"href":"https:\/\/falconelectricsupply.com\/index.php?rest_route=\/wp\/v2\/pages\/3495","targetHints":{"allow":["GET"]}}],"collection":[{"href":"https:\/\/falconelectricsupply.com\/index.php?rest_route=\/wp\/v2\/pages"}],"about":[{"href":"https:\/\/falconelectricsupply.com\/index.php?rest_route=\/wp\/v2\/types\/page"}],"author":[{"embeddable":true,"href":"https:\/\/falconelectricsupply.com\/index.php?rest_route=\/wp\/v2\/users\/1"}],"replies":[{"embeddable":true,"href":"https:\/\/falconelectricsupply.com\/index.php?rest_route=%2Fwp%2Fv2%2Fcomments&post=3495"}],"version-history":[{"count":32,"href":"https:\/\/falconelectricsupply.com\/index.php?rest_route=\/wp\/v2\/pages\/3495\/revisions"}],"predecessor-version":[{"id":3926,"href":"https:\/\/falconelectricsupply.com\/index.php?rest_route=\/wp\/v2\/pages\/3495\/revisions\/3926"}],"wp:attachment":[{"href":"https:\/\/falconelectricsupply.com\/index.php?rest_route=%2Fwp%2Fv2%2Fmedia&parent=3495"}],"curies":[{"name":"wp","href":"https:\/\/api.w.org\/{rel}","templated":true}]}}