{"id":2539,"date":"2015-12-19T07:49:53","date_gmt":"2015-12-19T07:49:53","guid":{"rendered":"http:\/\/trendytheme.net\/demo\/wp\/nominee\/?page_id=2539"},"modified":"2020-08-24T09:17:59","modified_gmt":"2020-08-24T14:17:59","slug":"quienes_somos","status":"publish","type":"page","link":"https:\/\/falconelectricsupply.com\/?page_id=2539","title":{"rendered":"Qui\u00e9nes somos"},"content":{"rendered":"<p>[vc_row css=&#8221;.vc_custom_1490537353079{margin-bottom: 0px !important;}&#8221;][vc_column css=&#8221;.vc_custom_1500054632768{padding-bottom: 20px !important;}&#8221;][tt_section_title section_separator=&#8221;no&#8221;]Somos representantes de prestigiosas marcas reconocidas a nivel mundial, lo que nos permite brindar a nuestros clientes soluciones de alta calidad y eficiencia a costos muy competitivos en el mercado actual.<\/p>\n<p>&nbsp;<\/p>\n<p>Somos una empresa dedicada al dise\u00f1o, suministros, construcci\u00f3n, montaje y comisionado de equipos y sistemas integrales, en las especialidades de el\u00e9ctrica,instrumentaci\u00f3n, automatizaci\u00f3n y control, orientados a brindar soluciones en el \u00e1rea Petrolera, Refinaci\u00f3n, Minera, Energ\u00e9tica e Industrias en general.<\/p>\n<p><!--Todos nuestros trabajos est\u00e1n regidos\u00a0bajo, normas y est\u00e1ndares nacionales e internacionales de Calidad, Seguridad y Protecci\u00f3n al medio ambiente. Procesos manejados bajo la certificaci\u00f3n ISO 9001:2008-->[\/tt_section_title][\/vc_column][\/vc_row][vc_row css=&#8221;.vc_custom_1454779914337{margin-bottom: 0px !important;padding-bottom: 112px !important;}&#8221;][vc_column width=&#8221;1\/2&#8243;][vc_tta_tabs style=&#8221;ultra-classic&#8221; shape=&#8221;square&#8221; color=&#8221;white&#8221; active_section=&#8221;1&#8243;][vc_tta_section title=&#8221;Visi\u00f3n&#8221; tab_id=&#8221;vision&#8221;][vc_column_text]Ser una empresa referente en el sector energ\u00e9tico con capacidad de ofrecer servicios integrales de Ingenier\u00eda, Procura y Construcci\u00f3n.[\/vc_column_text][\/vc_tta_section][vc_tta_section title=&#8221;Misi\u00f3n&#8221; tab_id=&#8221;mision&#8221;][vc_column_text]Suministrar productos y servicios de alta calidad a nuestros clientes, mediante soluciones eficientes e innovadoras que los beneficien al igual que a nuestros colaboradores y accionistas.[\/vc_column_text][\/vc_tta_section][vc_tta_section title=&#8221;Valores&#8221; tab_id=&#8221;valores&#8221;][vc_column_text]<\/p>\n<ul>\n<li>Honestidad y respeto<\/li>\n<li>Compromiso y lealtad<\/li>\n<li>Proactividad y competitividad<\/li>\n<\/ul>\n<p>[\/vc_column_text][\/vc_tta_section][vc_tta_section title=&#8221;Pol\u00edticas de Calidad&#8221; tab_id=&#8221;politicas_calidad&#8221;][vc_column_text]Falcon Corporaci\u00f3n Industrial S. A., es una empresa dedicada a suministrar, fabricar y entregar productos y servicios el\u00e9ctricos, instrumentaci\u00f3n, automatizaci\u00f3n y control para el sector\u00a0 petrolero, energ\u00e9tico e industrial; realiza sus actividades asegurando la satisfacci\u00f3n de sus clientes, mediante la mejora continua, prevenci\u00f3n de riesgos laborales y manejo ambiental responsable.<\/p>\n<p><a href=\"https:\/\/falconelectricsupply.com\/wp-content\/uploads\/2015\/12\/POLITICA-DE-CALIDAD-falcon.pdf\">Pol\u00edticas de Calidad<\/a>[\/vc_column_text][\/vc_tta_section][\/vc_tta_tabs][\/vc_column][vc_column width=&#8221;1\/2&#8243;][vc_single_image image=&#8221;3671&#8243; img_size=&#8221;medium&#8221; alignment=&#8221;center&#8221;][\/vc_column][\/vc_row][vc_row parallax=&#8221;content-moving&#8221; parallax_image=&#8221;3492&#8243; overlay_color=&#8221;yes&#8221; full_width=&#8221;stretch_row&#8221; css=&#8221;.vc_custom_1512495459708{margin-bottom: 0px !important;padding-top: 100px !important;padding-bottom: 100px !important;}&#8221;][vc_column][tt_counts][tt_count grid_class=&#8221;col-sm-4&#8243; counted_number=&#8221;5&#8243; subtitle=&#8221;Representaci\u00f3n de marcas&#8221; flaticon_list=&#8221;flaticon-briefcase52&#8243;][\/tt_count][tt_count grid_class=&#8221;col-sm-4&#8243; counted_number=&#8221;20&#8243; subtitle=&#8221;Clientes&#8221; flaticon_list=&#8221;flaticon-happy52&#8243;][\/tt_count][tt_count grid_class=&#8221;col-sm-4&#8243; counted_number=&#8221;15&#8243; subtitle=&#8221;A\u00f1os Experiencia&#8221; flaticon_list=&#8221;flaticon-male75&#8243;][\/tt_count][\/tt_counts][\/vc_column][\/vc_row]<\/p>\n","protected":false},"excerpt":{"rendered":"<p>[vc_row css=&#8221;.vc_custom_1490537353079{margin-bottom: 0px !important;}&#8221;][vc_column css=&#8221;.vc_custom_1500054632768{padding-bottom: 20px !important;}&#8221;][tt_section_title section_separator=&#8221;no&#8221;]Somos representantes de prestigiosas marcas reconocidas a nivel mundial, lo que nos permite brindar a nuestros clientes soluciones de alta calidad y eficiencia a costos muy competitivos en el mercado actual. &nbsp; Somos una empresa dedicada al dise\u00f1o, suministros, construcci\u00f3n, montaje y comisionado de equipos y sistemas integrales, [&hellip;]<\/p>\n","protected":false},"author":3,"featured_media":0,"parent":0,"menu_order":0,"comment_status":"closed","ping_status":"closed","template":"page-templates\/template-vc.php","meta":{"footnotes":""},"class_list":["post-2539","page","type-page","status-publish","hentry"],"yoast_head":"<!-- This site is optimized with the Yoast SEO plugin v19.13 - https:\/\/yoast.com\/wordpress\/plugins\/seo\/ -->\n<title>Qui\u00e9nes Somos - Falcon Electric Supply - Empresa<\/title>\n<meta name=\"description\" content=\"Dise\u00f1amos e implementamos sistemas el\u00e9ctricos integrados, que va desde la generaci\u00f3n hasta el usuario final; con el objetivo de lograr eficiencia energ\u00e9tica\" \/>\n<meta name=\"robots\" content=\"index, follow, max-snippet:-1, max-image-preview:large, max-video-preview:-1\" \/>\n<link rel=\"canonical\" href=\"https:\/\/falconelectricsupply.com\/?page_id=2539\" \/>\n<meta property=\"og:locale\" content=\"es_ES\" \/>\n<meta property=\"og:type\" content=\"article\" \/>\n<meta property=\"og:title\" content=\"Qui\u00e9nes Somos - Falcon Electric Supply - Empresa\" \/>\n<meta property=\"og:description\" content=\"Dise\u00f1amos e implementamos sistemas el\u00e9ctricos integrados, que va desde la generaci\u00f3n hasta el usuario final; con el objetivo de lograr eficiencia energ\u00e9tica\" \/>\n<meta property=\"og:url\" content=\"https:\/\/falconelectricsupply.com\/?page_id=2539\" \/>\n<meta property=\"og:site_name\" content=\"Falcon Electric Supply\" \/>\n<meta property=\"article:modified_time\" content=\"2020-08-24T14:17:59+00:00\" \/>\n<meta name=\"twitter:card\" content=\"summary_large_image\" \/>\n<meta name=\"twitter:label1\" content=\"Tiempo de lectura\" \/>\n\t<meta name=\"twitter:data1\" content=\"2 minutos\" \/>\n<script type=\"application\/ld+json\" class=\"yoast-schema-graph\">{\"@context\":\"https:\/\/schema.org\",\"@graph\":[{\"@type\":\"WebPage\",\"@id\":\"https:\/\/falconelectricsupply.com\/?page_id=2539\",\"url\":\"https:\/\/falconelectricsupply.com\/?page_id=2539\",\"name\":\"Qui\u00e9nes Somos - Falcon Electric Supply - Empresa\",\"isPartOf\":{\"@id\":\"https:\/\/falconelectricsupply.com\/#website\"},\"datePublished\":\"2015-12-19T07:49:53+00:00\",\"dateModified\":\"2020-08-24T14:17:59+00:00\",\"description\":\"Dise\u00f1amos e implementamos sistemas el\u00e9ctricos integrados, que va desde la generaci\u00f3n hasta el usuario final; con el objetivo de lograr eficiencia energ\u00e9tica\",\"breadcrumb\":{\"@id\":\"https:\/\/falconelectricsupply.com\/?page_id=2539#breadcrumb\"},\"inLanguage\":\"es\",\"potentialAction\":[{\"@type\":\"ReadAction\",\"target\":[\"https:\/\/falconelectricsupply.com\/?page_id=2539\"]}]},{\"@type\":\"BreadcrumbList\",\"@id\":\"https:\/\/falconelectricsupply.com\/?page_id=2539#breadcrumb\",\"itemListElement\":[{\"@type\":\"ListItem\",\"position\":1,\"name\":\"Portada\",\"item\":\"https:\/\/falconelectricsupply.com\/\"},{\"@type\":\"ListItem\",\"position\":2,\"name\":\"Qui\u00e9nes somos\"}]},{\"@type\":\"WebSite\",\"@id\":\"https:\/\/falconelectricsupply.com\/#website\",\"url\":\"https:\/\/falconelectricsupply.com\/\",\"name\":\"Falcon Electric Supply\",\"description\":\"Creando Soluciones Eficientes\",\"potentialAction\":[{\"@type\":\"SearchAction\",\"target\":{\"@type\":\"EntryPoint\",\"urlTemplate\":\"https:\/\/falconelectricsupply.com\/?s={search_term_string}\"},\"query-input\":\"required name=search_term_string\"}],\"inLanguage\":\"es\"}]}<\/script>\n<!-- \/ Yoast SEO plugin. -->","yoast_head_json":{"title":"Qui\u00e9nes Somos - Falcon Electric Supply - Empresa","description":"Dise\u00f1amos e implementamos sistemas el\u00e9ctricos integrados, que va desde la generaci\u00f3n hasta el usuario final; con el objetivo de lograr eficiencia energ\u00e9tica","robots":{"index":"index","follow":"follow","max-snippet":"max-snippet:-1","max-image-preview":"max-image-preview:large","max-video-preview":"max-video-preview:-1"},"canonical":"https:\/\/falconelectricsupply.com\/?page_id=2539","og_locale":"es_ES","og_type":"article","og_title":"Qui\u00e9nes Somos - Falcon Electric Supply - Empresa","og_description":"Dise\u00f1amos e implementamos sistemas el\u00e9ctricos integrados, que va desde la generaci\u00f3n hasta el usuario final; con el objetivo de lograr eficiencia energ\u00e9tica","og_url":"https:\/\/falconelectricsupply.com\/?page_id=2539","og_site_name":"Falcon Electric Supply","article_modified_time":"2020-08-24T14:17:59+00:00","twitter_card":"summary_large_image","twitter_misc":{"Tiempo de lectura":"2 minutos"},"schema":{"@context":"https:\/\/schema.org","@graph":[{"@type":"WebPage","@id":"https:\/\/falconelectricsupply.com\/?page_id=2539","url":"https:\/\/falconelectricsupply.com\/?page_id=2539","name":"Qui\u00e9nes Somos - Falcon Electric Supply - Empresa","isPartOf":{"@id":"https:\/\/falconelectricsupply.com\/#website"},"datePublished":"2015-12-19T07:49:53+00:00","dateModified":"2020-08-24T14:17:59+00:00","description":"Dise\u00f1amos e implementamos sistemas el\u00e9ctricos integrados, que va desde la generaci\u00f3n hasta el usuario final; con el objetivo de lograr eficiencia energ\u00e9tica","breadcrumb":{"@id":"https:\/\/falconelectricsupply.com\/?page_id=2539#breadcrumb"},"inLanguage":"es","potentialAction":[{"@type":"ReadAction","target":["https:\/\/falconelectricsupply.com\/?page_id=2539"]}]},{"@type":"BreadcrumbList","@id":"https:\/\/falconelectricsupply.com\/?page_id=2539#breadcrumb","itemListElement":[{"@type":"ListItem","position":1,"name":"Portada","item":"https:\/\/falconelectricsupply.com\/"},{"@type":"ListItem","position":2,"name":"Qui\u00e9nes somos"}]},{"@type":"WebSite","@id":"https:\/\/falconelectricsupply.com\/#website","url":"https:\/\/falconelectricsupply.com\/","name":"Falcon Electric Supply","description":"Creando Soluciones Eficientes","potentialAction":[{"@type":"SearchAction","target":{"@type":"EntryPoint","urlTemplate":"https:\/\/falconelectricsupply.com\/?s={search_term_string}"},"query-input":"required name=search_term_string"}],"inLanguage":"es"}]}},"_links":{"self":[{"href":"https:\/\/falconelectricsupply.com\/index.php?rest_route=\/wp\/v2\/pages\/2539","targetHints":{"allow":["GET"]}}],"collection":[{"href":"https:\/\/falconelectricsupply.com\/index.php?rest_route=\/wp\/v2\/pages"}],"about":[{"href":"https:\/\/falconelectricsupply.com\/index.php?rest_route=\/wp\/v2\/types\/page"}],"author":[{"embeddable":true,"href":"https:\/\/falconelectricsupply.com\/index.php?rest_route=\/wp\/v2\/users\/3"}],"replies":[{"embeddable":true,"href":"https:\/\/falconelectricsupply.com\/index.php?rest_route=%2Fwp%2Fv2%2Fcomments&post=2539"}],"version-history":[{"count":29,"href":"https:\/\/falconelectricsupply.com\/index.php?rest_route=\/wp\/v2\/pages\/2539\/revisions"}],"predecessor-version":[{"id":3860,"href":"https:\/\/falconelectricsupply.com\/index.php?rest_route=\/wp\/v2\/pages\/2539\/revisions\/3860"}],"wp:attachment":[{"href":"https:\/\/falconelectricsupply.com\/index.php?rest_route=%2Fwp%2Fv2%2Fmedia&parent=2539"}],"curies":[{"name":"wp","href":"https:\/\/api.w.org\/{rel}","templated":true}]}}