{"id":2320,"date":"2015-11-20T10:10:38","date_gmt":"2015-11-20T10:10:38","guid":{"rendered":"http:\/\/localhost\/tt\/wordpress\/nominee\/?page_id=2320"},"modified":"2025-08-13T15:46:03","modified_gmt":"2025-08-13T20:46:03","slug":"home","status":"publish","type":"page","link":"https:\/\/falconelectricsupply.com\/","title":{"rendered":"Home"},"content":{"rendered":"<p>[vc_row section_content_width=&#8221;container-fullwidth&#8221; equal_height=&#8221;yes&#8221; content_placement=&#8221;middle&#8221;][vc_column][vc_column_text]<\/p>\n<p>I am text block. Click edit button to change this text. Lorem ipsum dolor sit amet, consectetur adipiscing elit. Ut elit tellus, luctus nec ullamcorper mattis, pulvinar dapibus leo.<\/p>\n<p>[\/vc_column_text][\/vc_column][\/vc_row][vc_row css=&#8221;.vc_custom_1498839205431{padding-top: 15px !important;padding-bottom: 15px !important;}&#8221;][vc_column width=&#8221;2\/3&#8243; el_class=&#8221;Nosotros&#8221;][tt_section_title title_alignment=&#8221;text-center&#8221; title=&#8221;Qui\u00e9nes &#8211; Somos&#8221; css=&#8221;.vc_custom_1510863788571{padding-bottom: 20px !important;}&#8221;][\/tt_section_title][vc_column_text]Somos una empresa dedicada al dise\u00f1o, suministro, construcci\u00f3n, montaje, y comisionado de equipos y sistemas integrales, en las especialidades de el\u00e9ctrica, instrumentaci\u00f3n, automatizaci\u00f3n y control, orientados a \u00a0brindar soluciones en el \u00e1rea Petrolera, Refinaci\u00f3n, Minera, Energ\u00e9tica e Industrias en general.<\/p>\n<p>FES es proveedor de materiales el\u00e9ctricos para peque\u00f1os y grandes proyectos, que se realizan \u00a0en el \u00e1rea de generaci\u00f3n y distribuci\u00f3n el\u00e9ctrica.[\/vc_column_text][\/vc_column][vc_column width=&#8221;1\/3&#8243;][vc_separator color=&#8221;white&#8221;][vc_separator color=&#8221;white&#8221;][\/vc_column][vc_column][tt_section_title title_alignment=&#8221;text-center&#8221; title=&#8221;Nuestro &#8211; Proveedores&#8221; css=&#8221;.vc_custom_1499889248332{padding-bottom: 20px !important;}&#8221;][\/tt_section_title][\/vc_column][\/vc_row][vc_row][vc_column width=&#8221;1\/3&#8243;][vc_separator color=&#8221;white&#8221;][vc_images_carousel images=&#8221;3514,3519,3508,3513,3511,3516&#8243; img_size=&#8221;medium&#8221; speed=&#8221;5&#8243; autoplay=&#8221;yes&#8221;][\/vc_column][vc_column width=&#8221;2\/3&#8243;][tt_section_title title_alignment=&#8221;text-center&#8221; title=&#8221;Marcas &#8211; Representadas&#8221; css=&#8221;.vc_custom_1499889256927{padding-bottom: 20px !important;}&#8221;][\/tt_section_title][vc_gallery type=&#8221;image_grid&#8221; images=&#8221;3651,3653,3854,3648&#8243; img_size=&#8221;175 X 130&#8243; onclick=&#8221;custom_link&#8221; custom_links_target=&#8221;_blank&#8221; custom_links=&#8221;#E-8_aHR0cCUzQSUyRiUyRnd3dy5mYWxjb25lbGVjdHJpY3N1cHBseS5jb20lMkZwcm9kdWN0b3MlMkYlMjNhdXRvbWF0aXphY2lvbl9jb250cm9sJTJDaHR0cCUzQSUyRiUyRnd3dy5mYWxjb25lbGVjdHJpY3N1cHBseS5jb20lMkZwcm9kdWN0b3MlMkYlMjNtb3RvcmVzJTJDaHR0cCUzQSUyRiUyRnd3dy5mYWxjb25lbGVjdHJpY3N1cHBseS5jb20lMkZwcm9kdWN0b3MlMkYlMjNkaXN0cmlidWNpJUMzJUIzbl9lbGVjdHJpY2ElMkNodHRwJTNBJTJGJTJGd3d3LmZhbGNvbmVsZWN0cmljc3VwcGx5LmNvbSUyRnByb2R1Y3RvcyUyRiUyM3RyYW5zZm9ybWFkb3Jlc19wb3RlbmNpYQ==&#8221;][\/vc_column][vc_column][vc_column_text css=&#8221;.vc_custom_1510776491953{padding-bottom: 8px !important;}&#8221;]<\/p>\n<h2 style=\"text-align: center\"><a href=\"https:\/\/falconelectricsupply.com\/contacto\/\"><span style=\"color: #333333\"><span style=\"color: #94071a\">Oficina\u00a0<\/span>Contactos<\/span><\/a><\/h2>\n<p>[\/vc_column_text][vc_row_inner][vc_column_inner width=&#8221;1\/2&#8243;][vc_column_text]<\/p>\n<p style=\"margin: 0cm;text-align: center;background: white\" align=\"center\"><strong><span style=\"font-size: 10.5pt;font-family: 'Arial',sans-serif;color: #606060\">QUITO \u2013 ECUADOR<\/span><\/strong><b><span style=\"font-size: 10.5pt;font-family: 'Arial',sans-serif;color: #606060\"><br \/><strong><span style=\"font-family: 'Arial',sans-serif\">Oficinas<\/span><\/strong><\/span><\/b><\/p>\n<p style=\"margin: 0cm;text-align: center;background: white\" align=\"center\"><span style=\"font-size: 10.5pt;font-family: 'Arial',sans-serif;color: #606060\"><a style=\"cursor: pointer\" href=\"https:\/\/falconelectricsupply.com\/ventas@falconelectricsupply.com\"><span style=\"color: #94071a\">ventas@falconelectricsupply.com<\/span><\/a><br \/>Telf: (593-2) 2258-716 \/ 3528-380\/ 2460-534<br \/>Direcci\u00f3n: Calle M\u00f3naco E6-77 y Pasaje M\u00f3naco. Ed. Danielcom<\/span><\/p>\n<p>[\/vc_column_text][\/vc_column_inner][vc_column_inner width=&#8221;1\/2&#8243;][\/vc_column_inner][\/vc_row_inner][\/vc_column][\/vc_row]<\/p>\n","protected":false},"excerpt":{"rendered":"<p>[vc_row section_content_width=&#8221;container-fullwidth&#8221; equal_height=&#8221;yes&#8221; content_placement=&#8221;middle&#8221;][vc_column][vc_column_text] I am text block. Click edit button to change this text. Lorem ipsum dolor sit amet, consectetur adipiscing elit. Ut elit tellus, luctus nec ullamcorper mattis, pulvinar dapibus leo. [\/vc_column_text][\/vc_column][\/vc_row][vc_row css=&#8221;.vc_custom_1498839205431{padding-top: 15px !important;padding-bottom: 15px !important;}&#8221;][vc_column width=&#8221;2\/3&#8243; el_class=&#8221;Nosotros&#8221;][tt_section_title title_alignment=&#8221;text-center&#8221; title=&#8221;Qui\u00e9nes &#8211; Somos&#8221; css=&#8221;.vc_custom_1510863788571{padding-bottom: 20px !important;}&#8221;][\/tt_section_title][vc_column_text]Somos una empresa dedicada al dise\u00f1o, suministro, construcci\u00f3n, [&hellip;]<\/p>\n","protected":false},"author":3,"featured_media":0,"parent":0,"menu_order":0,"comment_status":"closed","ping_status":"closed","template":"page-templates\/template-home.php","meta":{"footnotes":""},"class_list":["post-2320","page","type-page","status-publish","hentry"],"yoast_head":"<!-- This site is optimized with the Yoast SEO plugin v19.13 - https:\/\/yoast.com\/wordpress\/plugins\/seo\/ -->\n<title>FES - Falcon Electric Supply - Soluciones El\u00e9ctrcicas<\/title>\n<meta name=\"description\" content=\"Empresa dedicada a proveer equipos, sistemas el\u00e9ctricos y poner en funcionamiento electricidad con est\u00e1ndares de calidad internacionales para el Ecuador.\" \/>\n<meta name=\"robots\" content=\"index, follow, max-snippet:-1, max-image-preview:large, max-video-preview:-1\" \/>\n<link rel=\"canonical\" href=\"https:\/\/falconelectricsupply.com\/\" \/>\n<meta property=\"og:locale\" content=\"es_ES\" \/>\n<meta property=\"og:type\" content=\"article\" \/>\n<meta property=\"og:title\" content=\"FES - Falcon Electric Supply - Soluciones El\u00e9ctrcicas\" \/>\n<meta property=\"og:description\" content=\"Empresa dedicada a proveer equipos, sistemas el\u00e9ctricos y poner en funcionamiento electricidad con est\u00e1ndares de calidad internacionales para el Ecuador.\" \/>\n<meta property=\"og:url\" content=\"https:\/\/falconelectricsupply.com\/\" \/>\n<meta property=\"og:site_name\" content=\"Falcon Electric Supply\" \/>\n<meta property=\"article:modified_time\" content=\"2025-08-13T20:46:03+00:00\" \/>\n<meta name=\"twitter:card\" content=\"summary_large_image\" \/>\n<meta name=\"twitter:label1\" content=\"Tiempo de lectura\" \/>\n\t<meta name=\"twitter:data1\" content=\"2 minutos\" \/>\n<script type=\"application\/ld+json\" class=\"yoast-schema-graph\">{\"@context\":\"https:\/\/schema.org\",\"@graph\":[{\"@type\":\"WebPage\",\"@id\":\"https:\/\/falconelectricsupply.com\/\",\"url\":\"https:\/\/falconelectricsupply.com\/\",\"name\":\"FES - Falcon Electric Supply - Soluciones El\u00e9ctrcicas\",\"isPartOf\":{\"@id\":\"https:\/\/falconelectricsupply.com\/#website\"},\"datePublished\":\"2015-11-20T10:10:38+00:00\",\"dateModified\":\"2025-08-13T20:46:03+00:00\",\"description\":\"Empresa dedicada a proveer equipos, sistemas el\u00e9ctricos y poner en funcionamiento electricidad con est\u00e1ndares de calidad internacionales para el Ecuador.\",\"breadcrumb\":{\"@id\":\"https:\/\/falconelectricsupply.com\/#breadcrumb\"},\"inLanguage\":\"es\",\"potentialAction\":[{\"@type\":\"ReadAction\",\"target\":[\"https:\/\/falconelectricsupply.com\/\"]}]},{\"@type\":\"BreadcrumbList\",\"@id\":\"https:\/\/falconelectricsupply.com\/#breadcrumb\",\"itemListElement\":[{\"@type\":\"ListItem\",\"position\":1,\"name\":\"Portada\",\"item\":\"https:\/\/falconelectricsupply.com\/\"},{\"@type\":\"ListItem\",\"position\":2,\"name\":\"Home\"}]},{\"@type\":\"WebSite\",\"@id\":\"https:\/\/falconelectricsupply.com\/#website\",\"url\":\"https:\/\/falconelectricsupply.com\/\",\"name\":\"Falcon Electric Supply\",\"description\":\"Creando Soluciones Eficientes\",\"potentialAction\":[{\"@type\":\"SearchAction\",\"target\":{\"@type\":\"EntryPoint\",\"urlTemplate\":\"https:\/\/falconelectricsupply.com\/?s={search_term_string}\"},\"query-input\":\"required name=search_term_string\"}],\"inLanguage\":\"es\"}]}<\/script>\n<!-- \/ Yoast SEO plugin. -->","yoast_head_json":{"title":"FES - Falcon Electric Supply - Soluciones El\u00e9ctrcicas","description":"Empresa dedicada a proveer equipos, sistemas el\u00e9ctricos y poner en funcionamiento electricidad con est\u00e1ndares de calidad internacionales para el Ecuador.","robots":{"index":"index","follow":"follow","max-snippet":"max-snippet:-1","max-image-preview":"max-image-preview:large","max-video-preview":"max-video-preview:-1"},"canonical":"https:\/\/falconelectricsupply.com\/","og_locale":"es_ES","og_type":"article","og_title":"FES - Falcon Electric Supply - Soluciones El\u00e9ctrcicas","og_description":"Empresa dedicada a proveer equipos, sistemas el\u00e9ctricos y poner en funcionamiento electricidad con est\u00e1ndares de calidad internacionales para el Ecuador.","og_url":"https:\/\/falconelectricsupply.com\/","og_site_name":"Falcon Electric Supply","article_modified_time":"2025-08-13T20:46:03+00:00","twitter_card":"summary_large_image","twitter_misc":{"Tiempo de lectura":"2 minutos"},"schema":{"@context":"https:\/\/schema.org","@graph":[{"@type":"WebPage","@id":"https:\/\/falconelectricsupply.com\/","url":"https:\/\/falconelectricsupply.com\/","name":"FES - Falcon Electric Supply - Soluciones El\u00e9ctrcicas","isPartOf":{"@id":"https:\/\/falconelectricsupply.com\/#website"},"datePublished":"2015-11-20T10:10:38+00:00","dateModified":"2025-08-13T20:46:03+00:00","description":"Empresa dedicada a proveer equipos, sistemas el\u00e9ctricos y poner en funcionamiento electricidad con est\u00e1ndares de calidad internacionales para el Ecuador.","breadcrumb":{"@id":"https:\/\/falconelectricsupply.com\/#breadcrumb"},"inLanguage":"es","potentialAction":[{"@type":"ReadAction","target":["https:\/\/falconelectricsupply.com\/"]}]},{"@type":"BreadcrumbList","@id":"https:\/\/falconelectricsupply.com\/#breadcrumb","itemListElement":[{"@type":"ListItem","position":1,"name":"Portada","item":"https:\/\/falconelectricsupply.com\/"},{"@type":"ListItem","position":2,"name":"Home"}]},{"@type":"WebSite","@id":"https:\/\/falconelectricsupply.com\/#website","url":"https:\/\/falconelectricsupply.com\/","name":"Falcon Electric Supply","description":"Creando Soluciones Eficientes","potentialAction":[{"@type":"SearchAction","target":{"@type":"EntryPoint","urlTemplate":"https:\/\/falconelectricsupply.com\/?s={search_term_string}"},"query-input":"required name=search_term_string"}],"inLanguage":"es"}]}},"_links":{"self":[{"href":"https:\/\/falconelectricsupply.com\/index.php?rest_route=\/wp\/v2\/pages\/2320","targetHints":{"allow":["GET"]}}],"collection":[{"href":"https:\/\/falconelectricsupply.com\/index.php?rest_route=\/wp\/v2\/pages"}],"about":[{"href":"https:\/\/falconelectricsupply.com\/index.php?rest_route=\/wp\/v2\/types\/page"}],"author":[{"embeddable":true,"href":"https:\/\/falconelectricsupply.com\/index.php?rest_route=\/wp\/v2\/users\/3"}],"replies":[{"embeddable":true,"href":"https:\/\/falconelectricsupply.com\/index.php?rest_route=%2Fwp%2Fv2%2Fcomments&post=2320"}],"version-history":[{"count":101,"href":"https:\/\/falconelectricsupply.com\/index.php?rest_route=\/wp\/v2\/pages\/2320\/revisions"}],"predecessor-version":[{"id":3925,"href":"https:\/\/falconelectricsupply.com\/index.php?rest_route=\/wp\/v2\/pages\/2320\/revisions\/3925"}],"wp:attachment":[{"href":"https:\/\/falconelectricsupply.com\/index.php?rest_route=%2Fwp%2Fv2%2Fmedia&parent=2320"}],"curies":[{"name":"wp","href":"https:\/\/api.w.org\/{rel}","templated":true}]}}